{"id":133042,"date":"2023-10-25T18:08:56","date_gmt":"2023-10-25T16:08:56","guid":{"rendered":"https:\/\/undsgn.com\/uncode\/?page_id=133042"},"modified":"2026-03-16T20:51:35","modified_gmt":"2026-03-16T20:51:35","slug":"shop-bold","status":"publish","type":"page","link":"https:\/\/jw-invest.pl\/en\/","title":{"rendered":"About us"},"content":{"rendered":"<div class=\"wpb-content-wrapper\"><p>[vc_row unlock_row_content=&#8221;yes&#8221; row_height_percent=&#8221;96&#8243; override_padding=&#8221;yes&#8221; h_padding=&#8221;0&#8243; top_padding=&#8221;3&#8243; bottom_padding=&#8221;3&#8243; back_image=&#8221;172555&#8243; back_position=&#8221;center bottom&#8221; parallax=&#8221;yes&#8221; kburns=&#8221;yes&#8221; overlay_color=&#8221;accent&#8221; overlay_alpha=&#8221;11&#8243; gutter_size=&#8221;3&#8243; column_width_percent=&#8221;100&#8243; shift_y=&#8221;0&#8243; z_index=&#8221;0&#8243; content_parallax=&#8221;0&#8243; uncode_shortcode_id=&#8221;103695&#8243; css=&#8221;.vc_custom_1773262306987{padding-right: 18px !important;padding-left: 18px !important;}&#8221; el_class=&#8221;unradius-hg-top-bottom unmargin-h-force unmargin-bottom-force&#8221; overlay_color_type=&#8221;uncode-palette&#8221;][vc_column column_width_percent=&#8221;100&#8243; position_horizontal=&#8221;left&#8221; position_vertical=&#8221;bottom&#8221; gutter_size=&#8221;3&#8243; style=&#8221;dark&#8221; overlay_alpha=&#8221;60&#8243; shift_x=&#8221;0&#8243; shift_y=&#8221;0&#8243; shift_y_down=&#8221;0&#8243; z_index=&#8221;0&#8243; medium_width=&#8221;0&#8243; mobile_width=&#8221;0&#8243; width=&#8221;1\/1&#8243; uncode_shortcode_id=&#8221;630415&#8243; mobile_height=&#8221;380&#8243;][vc_custom_heading heading_semantic=&#8221;h1&#8243; text_size=&#8221;custom&#8221; text_weight=&#8221;700&#8243; text_height=&#8221;fontheight-179065&#8243; css_animation=&#8221;curtain-words&#8221; animation_speed=&#8221;1000&#8243; animation_delay=&#8221;400&#8243; uncode_shortcode_id=&#8221;126093&#8243; heading_custom_size=&#8221;clamp(26px, 7vw, 45px)&#8221;]<\/p>\n<p style=\"text-align: left;\">We have been driving the fruit and vegetable market since 2009.<\/p>\n<p>&nbsp;<\/p>\n<p style=\"text-align: left;\">Quality that doesn&#8217;t need advertising.<\/p>\n<p>[\/vc_custom_heading][\/vc_column][\/vc_row][vc_row unlock_row_content=&#8221;yes&#8221; row_height_percent=&#8221;100&#8243; override_padding=&#8221;yes&#8221; h_padding=&#8221;0&#8243; top_padding=&#8221;3&#8243; bottom_padding=&#8221;3&#8243; overlay_alpha=&#8221;50&#8243; equal_height=&#8221;justify&#8221; gutter_size=&#8221;2&#8243; column_width_percent=&#8221;100&#8243; shift_y=&#8221;0&#8243; z_index=&#8221;0&#8243; content_parallax=&#8221;0&#8243; uncode_shortcode_id=&#8221;178220&#8243; css=&#8221;.vc_custom_1773265634493{padding-right: 18px !important;padding-left: 18px !important;}&#8221;][vc_column column_width_percent=&#8221;100&#8243; position_horizontal=&#8221;left&#8221; position_vertical=&#8221;justify&#8221; gutter_size=&#8221;3&#8243; override_padding=&#8221;yes&#8221; column_padding=&#8221;3&#8243; style=&#8221;dark&#8221; back_color=&#8221;color-gyho&#8221; overlay_alpha=&#8221;50&#8243; radius=&#8221;hg&#8221; shift_x=&#8221;0&#8243; shift_y=&#8221;0&#8243; shift_y_down=&#8221;0&#8243; z_index=&#8221;0&#8243; medium_width=&#8221;7&#8243; align_mobile=&#8221;align_center_mobile&#8221; mobile_width=&#8221;0&#8243; width=&#8221;6\/12&#8243; uncode_shortcode_id=&#8221;912102&#8243; back_color_type=&#8221;uncode-palette&#8221;][vc_row_inner limit_content=&#8221;&#8221;][vc_column_inner column_width_percent=&#8221;100&#8243; gutter_size=&#8221;2&#8243; style=&#8221;dark&#8221; overlay_alpha=&#8221;50&#8243; shift_x=&#8221;0&#8243; shift_y=&#8221;0&#8243; shift_y_down=&#8221;0&#8243; z_index=&#8221;0&#8243; medium_width=&#8221;0&#8243; align_mobile=&#8221;align_center_mobile&#8221; mobile_width=&#8221;0&#8243; width=&#8221;1\/1&#8243; uncode_shortcode_id=&#8221;774321&#8243;][vc_custom_heading text_color=&#8221;accent&#8221; heading_semantic=&#8221;h6&#8243; text_font=&#8221;font-469684&#8243; text_size=&#8221;h5&#8243; text_weight=&#8221;500&#8243; text_space=&#8221;fontspace-781688&#8243; badge_style=&#8221;yes&#8221; radius=&#8221;xl&#8221; uncode_shortcode_id=&#8221;177578&#8243; back_color_type=&#8221;uncode-solid&#8221; back_color_solid=&#8221;rgba(44,68,55,0.1)&#8221; text_color_type=&#8221;uncode-palette&#8221;]JW-INVEST[\/vc_custom_heading][vc_empty_space empty_h=&#8221;1&#8243;][vc_custom_heading text_color=&#8221;accent&#8221; heading_semantic=&#8221;h3&#8243; text_size=&#8221;custom&#8221; text_weight=&#8221;700&#8243; uncode_shortcode_id=&#8221;439271&#8243; heading_custom_size=&#8221;clamp(20px, 4vw, 50px)&#8221; text_color_type=&#8221;uncode-palette&#8221;]Since 2009, JW-INVEST has been synonymous with evolution in the fresh food industry. We set standards, raise the bar, and deliver the best.[\/vc_custom_heading][vc_custom_heading text_color=&#8221;accent&#8221; heading_semantic=&#8221;h6&#8243; text_size=&#8221;custom&#8221; text_weight=&#8221;400&#8243; uncode_shortcode_id=&#8221;131460&#8243; heading_custom_size=&#8221;clamp(15px, 3vw, 30px)&#8221; text_color_type=&#8221;uncode-palette&#8221;]We combine Polish reliability with the southern sun.[\/vc_custom_heading][\/vc_column_inner][\/vc_row_inner][vc_button size=&#8221;btn-lg&#8221; radius=&#8221;btn-circle&#8221; hover_fx=&#8221;full-colored&#8221; custom_typo=&#8221;yes&#8221; font_family=&#8221;font-318713&#8243; font_weight=&#8221;500&#8243; letter_spacing=&#8221;fontspace-781688&#8243; border_width=&#8221;0&#8243; scale_mobile=&#8221;no&#8221; css_animation=&#8221;right-t-left&#8221; uncode_shortcode_id=&#8221;182911&#8243; link=&#8221;url:%2Fen%2Foffer%2F&#8221;]offer[\/vc_button][\/vc_column][vc_column column_width_percent=&#8221;100&#8243; position_vertical=&#8221;justify&#8221; align_horizontal=&#8221;align_center&#8221; gutter_size=&#8221;2&#8243; style=&#8221;dark&#8221; overlay_alpha=&#8221;50&#8243; shift_x=&#8221;0&#8243; shift_y=&#8221;0&#8243; shift_y_down=&#8221;0&#8243; z_index=&#8221;0&#8243; medium_width=&#8221;4&#8243; mobile_width=&#8221;0&#8243; width=&#8221;3\/12&#8243; uncode_shortcode_id=&#8221;238816&#8243; mobile_height=&#8221;50vh&#8221;][vc_row_inner][vc_column_inner column_width_percent=&#8221;100&#8243; gutter_size=&#8221;3&#8243; overlay_alpha=&#8221;50&#8243; shift_x=&#8221;0&#8243; shift_y=&#8221;0&#8243; shift_y_down=&#8221;0&#8243; z_index=&#8221;0&#8243; medium_width=&#8221;0&#8243; mobile_width=&#8221;0&#8243; width=&#8221;1\/1&#8243; uncode_shortcode_id=&#8221;110200&#8243;][vc_single_image media=&#8221;172557&#8243; media_width_percent=&#8221;100&#8243; media_ratio=&#8221;one-one&#8221; shape=&#8221;img-round&#8221; radius=&#8221;hg&#8221; uncode_shortcode_id=&#8221;116635&#8243;][\/vc_column_inner][\/vc_row_inner][vc_row_inner row_inner_height_percent=&#8221;100&#8243; overlay_alpha=&#8221;50&#8243; gutter_size=&#8221;3&#8243; shift_y=&#8221;0&#8243; z_index=&#8221;0&#8243; limit_content=&#8221;&#8221; uncode_shortcode_id=&#8221;142798&#8243;][vc_column_inner column_width_percent=&#8221;100&#8243; position_vertical=&#8221;middle&#8221; align_horizontal=&#8221;align_center&#8221; gutter_size=&#8221;2&#8243; override_padding=&#8221;yes&#8221; column_padding=&#8221;3&#8243; back_color=&#8221;color-xsdn&#8221; back_image=&#8221;172562&#8243; overlay_color=&#8221;color-jevc&#8221; overlay_alpha=&#8221;50&#8243; radius=&#8221;hg&#8221; border_color=&#8221;color-gyho&#8221; border_style=&#8221;solid&#8221; preserve_border=&#8221;yes&#8221; preserve_border_tablet=&#8221;yes&#8221; preserve_border_mobile=&#8221;yes&#8221; shift_x=&#8221;0&#8243; shift_y=&#8221;0&#8243; shift_y_down=&#8221;0&#8243; z_index=&#8221;0&#8243; medium_width=&#8221;0&#8243; mobile_width=&#8221;0&#8243; width=&#8221;1\/1&#8243; uncode_shortcode_id=&#8221;216509&#8243; back_color_type=&#8221;uncode-palette&#8221; border_color_type=&#8221;uncode-palette&#8221; css=&#8221;.vc_custom_1773693333681{border-top-width: 1px !important;border-right-width: 1px !important;border-bottom-width: 1px !important;border-left-width: 1px !important;}&#8221; link_to=&#8221;url:%2Fen%2Fcontact%2F&#8221; mobile_height=&#8221;40vh&#8221; overlay_color_type=&#8221;uncode-palette&#8221;][vc_custom_heading text_color=&#8221;color-xsdn&#8221; text_size=&#8221;custom&#8221; text_weight=&#8221;700&#8243; text_height=&#8221;fontheight-179065&#8243; uncode_shortcode_id=&#8221;150008&#8243; heading_custom_size=&#8221;clamp(30px, 4vw, 50px)&#8221; text_color_type=&#8221;uncode-palette&#8221;]Cooperation[\/vc_custom_heading][vc_button button_color=&#8221;color-jevc&#8221; size=&#8221;btn-lg&#8221; radius=&#8221;btn-circle&#8221; hover_fx=&#8221;full-colored&#8221; custom_typo=&#8221;yes&#8221; font_family=&#8221;font-318713&#8243; font_weight=&#8221;500&#8243; letter_spacing=&#8221;fontspace-781688&#8243; border_width=&#8221;0&#8243; scale_mobile=&#8221;no&#8221; css_animation=&#8221;right-t-left&#8221; uncode_shortcode_id=&#8221;206822&#8243; link=&#8221;url:%2Fen%2Fcontact%2F&#8221; button_color_type=&#8221;uncode-palette&#8221;]contact us[\/vc_button][\/vc_column_inner][\/vc_row_inner][\/vc_column][vc_column column_width_percent=&#8221;100&#8243; gutter_size=&#8221;2&#8243; overlay_alpha=&#8221;50&#8243; shift_x=&#8221;0&#8243; shift_y=&#8221;0&#8243; shift_y_down=&#8221;0&#8243; z_index=&#8221;0&#8243; medium_width=&#8221;4&#8243; mobile_visibility=&#8221;yes&#8221; mobile_width=&#8221;0&#8243; width=&#8221;3\/12&#8243; uncode_shortcode_id=&#8221;839230&#8243;][vc_row_inner row_inner_height_percent=&#8221;100&#8243; overlay_alpha=&#8221;50&#8243; gutter_size=&#8221;3&#8243; shift_y=&#8221;0&#8243; z_index=&#8221;0&#8243; limit_content=&#8221;&#8221; uncode_shortcode_id=&#8221;174165&#8243;][vc_column_inner column_width_percent=&#8221;100&#8243; position_vertical=&#8221;middle&#8221; align_horizontal=&#8221;align_center&#8221; gutter_size=&#8221;2&#8243; override_padding=&#8221;yes&#8221; column_padding=&#8221;3&#8243; style=&#8221;dark&#8221; back_color=&#8221;color-482803&#8243; overlay_color=&#8221;color-jevc&#8221; overlay_alpha=&#8221;0&#8243; radius=&#8221;hg&#8221; shift_x=&#8221;0&#8243; shift_y=&#8221;0&#8243; shift_y_down=&#8221;0&#8243; z_index=&#8221;0&#8243; medium_width=&#8221;0&#8243; mobile_width=&#8221;0&#8243; width=&#8221;1\/1&#8243; uncode_shortcode_id=&#8221;165093&#8243; back_color_type=&#8221;uncode-palette&#8221; link_to=&#8221;url:%2Fen%2Foffer%2F&#8221; overlay_color_type=&#8221;uncode-palette&#8221;][vc_custom_heading heading_semantic=&#8221;h3&#8243; text_size=&#8221;custom&#8221; text_weight=&#8221;700&#8243; text_height=&#8221;fontheight-179065&#8243; uncode_shortcode_id=&#8221;127318&#8243; heading_custom_size=&#8221;clamp(30px, 4vw, 50px)&#8221;]Offer[\/vc_custom_heading][vc_button size=&#8221;btn-lg&#8221; radius=&#8221;btn-circle&#8221; hover_fx=&#8221;full-colored&#8221; custom_typo=&#8221;yes&#8221; font_family=&#8221;font-318713&#8243; font_weight=&#8221;500&#8243; letter_spacing=&#8221;fontspace-781688&#8243; border_width=&#8221;0&#8243; scale_mobile=&#8221;no&#8221; css_animation=&#8221;right-t-left&#8221; uncode_shortcode_id=&#8221;132514&#8243; link=&#8221;url:%2Fen%2Foffer%2F&#8221;]more details[\/vc_button][\/vc_column_inner][\/vc_row_inner][vc_single_image media=&#8221;172560&#8243; media_width_percent=&#8221;100&#8243; media_ratio=&#8221;five-four&#8221; shape=&#8221;img-round&#8221; radius=&#8221;hg&#8221; uncode_shortcode_id=&#8221;259727&#8243;][\/vc_column][\/vc_row]<\/p>\n<\/div>","protected":false},"excerpt":{"rendered":"<p>[vc_row unlock_row_content=&#8221;yes&#8221; row_height_percent=&#8221;96&#8243; override_padding=&#8221;yes&#8221; h_padding=&#8221;0&#8243; top_padding=&#8221;3&#8243; bottom_padding=&#8221;3&#8243; back_image=&#8221;172555&#8243; back_position=&#8221;center bottom&#8221; parallax=&#8221;yes&#8221; kburns=&#8221;yes&#8221; overlay_color=&#8221;accent&#8221; overlay_alpha=&#8221;11&#8243; gutter_size=&#8221;3&#8243; column_width_percent=&#8221;100&#8243; shift_y=&#8221;0&#8243; z_index=&#8221;0&#8243; content_parallax=&#8221;0&#8243; uncode_shortcode_id=&#8221;103695&#8243; [&hellip;]<\/p>\n","protected":false},"author":1,"featured_media":172562,"parent":0,"menu_order":0,"comment_status":"closed","ping_status":"closed","template":"","meta":{"footnotes":""},"class_list":["post-133042","page","type-page","status-publish","has-post-thumbnail","hentry","page_category-demo-shop"],"yoast_head":"<!-- This site is optimized with the Yoast SEO plugin v27.2 - https:\/\/yoast.com\/product\/yoast-seo-wordpress\/ -->\n<title>JW INVEST<\/title>\n<meta name=\"description\" content=\"We have been driving the fruit and vegetable market since 2009. Quality that doesn&#039;t need advertising.\" \/>\n<meta name=\"robots\" content=\"index, follow, max-snippet:-1, max-image-preview:large, max-video-preview:-1\" \/>\n<link rel=\"canonical\" href=\"https:\/\/jw-invest.pl\/en\/\" \/>\n<meta property=\"og:locale\" content=\"en_GB\" \/>\n<meta property=\"og:type\" content=\"article\" \/>\n<meta property=\"og:title\" content=\"JW INVEST\" \/>\n<meta property=\"og:description\" content=\"We have been driving the fruit and vegetable market since 2009. Quality that doesn&#039;t need advertising.\" \/>\n<meta property=\"og:url\" content=\"https:\/\/jw-invest.pl\/en\/\" \/>\n<meta property=\"og:site_name\" content=\"JW INVEST EN\" \/>\n<meta property=\"article:modified_time\" content=\"2026-03-16T20:51:35+00:00\" \/>\n<meta property=\"og:image\" content=\"https:\/\/jw-invest.pl\/en\/wp-content\/uploads\/sites\/2\/2026\/03\/iStock-883173772-scaled.jpg\" \/>\n\t<meta property=\"og:image:width\" content=\"2560\" \/>\n\t<meta property=\"og:image:height\" content=\"1709\" \/>\n\t<meta property=\"og:image:type\" content=\"image\/jpeg\" \/>\n<meta name=\"twitter:card\" content=\"summary_large_image\" \/>\n<meta name=\"twitter:label1\" content=\"Estimated reading time\" \/>\n\t<meta name=\"twitter:data1\" content=\"2 minutes\" \/>\n<script type=\"application\/ld+json\" class=\"yoast-schema-graph\">{\"@context\":\"https:\/\/schema.org\",\"@graph\":[{\"@type\":\"WebPage\",\"@id\":\"https:\/\/jw-invest.pl\/en\/\",\"url\":\"https:\/\/jw-invest.pl\/en\/\",\"name\":\"JW INVEST\",\"isPartOf\":{\"@id\":\"https:\/\/jw-invest.pl\/en\/#website\"},\"primaryImageOfPage\":{\"@id\":\"https:\/\/jw-invest.pl\/en\/#primaryimage\"},\"image\":{\"@id\":\"https:\/\/jw-invest.pl\/en\/#primaryimage\"},\"thumbnailUrl\":\"https:\/\/jw-invest.pl\/en\/wp-content\/uploads\/sites\/2\/2026\/03\/iStock-883173772-scaled.jpg\",\"datePublished\":\"2023-10-25T16:08:56+00:00\",\"dateModified\":\"2026-03-16T20:51:35+00:00\",\"description\":\"We have been driving the fruit and vegetable market since 2009. Quality that doesn't need advertising.\",\"breadcrumb\":{\"@id\":\"https:\/\/jw-invest.pl\/en\/#breadcrumb\"},\"inLanguage\":\"en-GB\",\"potentialAction\":[{\"@type\":\"ReadAction\",\"target\":[\"https:\/\/jw-invest.pl\/en\/\"]}]},{\"@type\":\"ImageObject\",\"inLanguage\":\"en-GB\",\"@id\":\"https:\/\/jw-invest.pl\/en\/#primaryimage\",\"url\":\"https:\/\/jw-invest.pl\/en\/wp-content\/uploads\/sites\/2\/2026\/03\/iStock-883173772-scaled.jpg\",\"contentUrl\":\"https:\/\/jw-invest.pl\/en\/wp-content\/uploads\/sites\/2\/2026\/03\/iStock-883173772-scaled.jpg\",\"width\":2560,\"height\":1709,\"caption\":\"Kapusta bia\u0142a, broku\u0142y i kalafior, \u015bwie\u017ce warzywa\"},{\"@type\":\"BreadcrumbList\",\"@id\":\"https:\/\/jw-invest.pl\/en\/#breadcrumb\",\"itemListElement\":[{\"@type\":\"ListItem\",\"position\":1,\"name\":\"Strona g\u0142\u00f3wna\",\"item\":\"https:\/\/jw-invest.pl\/en\/\"},{\"@type\":\"ListItem\",\"position\":2,\"name\":\"About us\"}]},{\"@type\":\"WebSite\",\"@id\":\"https:\/\/jw-invest.pl\/en\/#website\",\"url\":\"https:\/\/jw-invest.pl\/en\/\",\"name\":\"JW INVEST EN\",\"description\":\"\",\"potentialAction\":[{\"@type\":\"SearchAction\",\"target\":{\"@type\":\"EntryPoint\",\"urlTemplate\":\"https:\/\/jw-invest.pl\/en\/?s={search_term_string}\"},\"query-input\":{\"@type\":\"PropertyValueSpecification\",\"valueRequired\":true,\"valueName\":\"search_term_string\"}}],\"inLanguage\":\"en-GB\"}]}<\/script>\n<!-- \/ Yoast SEO plugin. -->","yoast_head_json":{"title":"JW INVEST","description":"We have been driving the fruit and vegetable market since 2009. Quality that doesn't need advertising.","robots":{"index":"index","follow":"follow","max-snippet":"max-snippet:-1","max-image-preview":"max-image-preview:large","max-video-preview":"max-video-preview:-1"},"canonical":"https:\/\/jw-invest.pl\/en\/","og_locale":"en_GB","og_type":"article","og_title":"JW INVEST","og_description":"We have been driving the fruit and vegetable market since 2009. Quality that doesn't need advertising.","og_url":"https:\/\/jw-invest.pl\/en\/","og_site_name":"JW INVEST EN","article_modified_time":"2026-03-16T20:51:35+00:00","og_image":[{"width":2560,"height":1709,"url":"https:\/\/jw-invest.pl\/en\/wp-content\/uploads\/sites\/2\/2026\/03\/iStock-883173772-scaled.jpg","type":"image\/jpeg"}],"twitter_card":"summary_large_image","twitter_misc":{"Estimated reading time":"2 minutes"},"schema":{"@context":"https:\/\/schema.org","@graph":[{"@type":"WebPage","@id":"https:\/\/jw-invest.pl\/en\/","url":"https:\/\/jw-invest.pl\/en\/","name":"JW INVEST","isPartOf":{"@id":"https:\/\/jw-invest.pl\/en\/#website"},"primaryImageOfPage":{"@id":"https:\/\/jw-invest.pl\/en\/#primaryimage"},"image":{"@id":"https:\/\/jw-invest.pl\/en\/#primaryimage"},"thumbnailUrl":"https:\/\/jw-invest.pl\/en\/wp-content\/uploads\/sites\/2\/2026\/03\/iStock-883173772-scaled.jpg","datePublished":"2023-10-25T16:08:56+00:00","dateModified":"2026-03-16T20:51:35+00:00","description":"We have been driving the fruit and vegetable market since 2009. Quality that doesn't need advertising.","breadcrumb":{"@id":"https:\/\/jw-invest.pl\/en\/#breadcrumb"},"inLanguage":"en-GB","potentialAction":[{"@type":"ReadAction","target":["https:\/\/jw-invest.pl\/en\/"]}]},{"@type":"ImageObject","inLanguage":"en-GB","@id":"https:\/\/jw-invest.pl\/en\/#primaryimage","url":"https:\/\/jw-invest.pl\/en\/wp-content\/uploads\/sites\/2\/2026\/03\/iStock-883173772-scaled.jpg","contentUrl":"https:\/\/jw-invest.pl\/en\/wp-content\/uploads\/sites\/2\/2026\/03\/iStock-883173772-scaled.jpg","width":2560,"height":1709,"caption":"Kapusta bia\u0142a, broku\u0142y i kalafior, \u015bwie\u017ce warzywa"},{"@type":"BreadcrumbList","@id":"https:\/\/jw-invest.pl\/en\/#breadcrumb","itemListElement":[{"@type":"ListItem","position":1,"name":"Strona g\u0142\u00f3wna","item":"https:\/\/jw-invest.pl\/en\/"},{"@type":"ListItem","position":2,"name":"About us"}]},{"@type":"WebSite","@id":"https:\/\/jw-invest.pl\/en\/#website","url":"https:\/\/jw-invest.pl\/en\/","name":"JW INVEST EN","description":"","potentialAction":[{"@type":"SearchAction","target":{"@type":"EntryPoint","urlTemplate":"https:\/\/jw-invest.pl\/en\/?s={search_term_string}"},"query-input":{"@type":"PropertyValueSpecification","valueRequired":true,"valueName":"search_term_string"}}],"inLanguage":"en-GB"}]}},"_links":{"self":[{"href":"https:\/\/jw-invest.pl\/en\/wp-json\/wp\/v2\/pages\/133042","targetHints":{"allow":["GET"]}}],"collection":[{"href":"https:\/\/jw-invest.pl\/en\/wp-json\/wp\/v2\/pages"}],"about":[{"href":"https:\/\/jw-invest.pl\/en\/wp-json\/wp\/v2\/types\/page"}],"author":[{"embeddable":true,"href":"https:\/\/jw-invest.pl\/en\/wp-json\/wp\/v2\/users\/1"}],"replies":[{"embeddable":true,"href":"https:\/\/jw-invest.pl\/en\/wp-json\/wp\/v2\/comments?post=133042"}],"version-history":[{"count":66,"href":"https:\/\/jw-invest.pl\/en\/wp-json\/wp\/v2\/pages\/133042\/revisions"}],"predecessor-version":[{"id":172608,"href":"https:\/\/jw-invest.pl\/en\/wp-json\/wp\/v2\/pages\/133042\/revisions\/172608"}],"wp:featuredmedia":[{"embeddable":true,"href":"https:\/\/jw-invest.pl\/en\/wp-json\/wp\/v2\/media\/172562"}],"wp:attachment":[{"href":"https:\/\/jw-invest.pl\/en\/wp-json\/wp\/v2\/media?parent=133042"}],"curies":[{"name":"wp","href":"https:\/\/api.w.org\/{rel}","templated":true}]}}