{"id":133042,"date":"2023-10-25T18:08:56","date_gmt":"2023-10-25T16:08:56","guid":{"rendered":"https:\/\/undsgn.com\/uncode\/?page_id=133042"},"modified":"2026-03-20T00:46:04","modified_gmt":"2026-03-19T21:46:04","slug":"shop-bold","status":"publish","type":"page","link":"https:\/\/jw-invest.pl\/ru\/","title":{"rendered":"\u041e \u043d\u0430\u0441"},"content":{"rendered":"<div class=\"wpb-content-wrapper\"><p>[vc_row unlock_row_content=&#187;yes&#187; row_height_percent=&#187;96&#8243; override_padding=&#187;yes&#187; h_padding=&#187;0&#8243; top_padding=&#187;3&#8243; bottom_padding=&#187;3&#8243; back_image=&#187;172555&#8243; back_position=&#187;center bottom&#187; parallax=&#187;yes&#187; kburns=&#187;yes&#187; overlay_color=&#187;accent&#187; overlay_alpha=&#187;11&#8243; gutter_size=&#187;3&#8243; column_width_percent=&#187;100&#8243; shift_y=&#187;0&#8243; z_index=&#187;0&#8243; content_parallax=&#187;0&#8243; uncode_shortcode_id=&#187;103695&#8243; css=&#187;.vc_custom_1773262306987{padding-right: 18px !important;padding-left: 18px !important;}&#187; el_class=&#187;unradius-hg-top-bottom unmargin-h-force unmargin-bottom-force&#187; overlay_color_type=&#187;uncode-palette&#187;][vc_column column_width_percent=&#187;100&#8243; position_horizontal=&#187;left&#187; position_vertical=&#187;bottom&#187; gutter_size=&#187;3&#8243; style=&#187;dark&#187; overlay_alpha=&#187;60&#8243; shift_x=&#187;0&#8243; shift_y=&#187;0&#8243; shift_y_down=&#187;0&#8243; z_index=&#187;0&#8243; medium_width=&#187;0&#8243; mobile_width=&#187;0&#8243; width=&#187;1\/1&#8243; uncode_shortcode_id=&#187;630415&#8243; mobile_height=&#187;380&#8243;][vc_custom_heading heading_semantic=&#187;h1&#8243; text_size=&#187;custom&#187; text_weight=&#187;700&#8243; text_height=&#187;fontheight-179065&#8243; css_animation=&#187;curtain-words&#187; animation_speed=&#187;1000&#8243; animation_delay=&#187;400&#8243; uncode_shortcode_id=&#187;191406&#8243; heading_custom_size=&#187;clamp(26px, 7vw, 45px)&#187;]<\/p>\n<p style=\"text-align: left;\">\u041c\u044b \u0437\u0430\u043d\u0438\u043c\u0430\u0435\u043c \u043b\u0438\u0434\u0438\u0440\u0443\u044e\u0449\u0438\u0435 \u043f\u043e\u0437\u0438\u0446\u0438\u0438 \u043d\u0430 \u0440\u044b\u043d\u043a\u0435 \u0444\u0440\u0443\u043a\u0442\u043e\u0432 \u0438 \u043e\u0432\u043e\u0449\u0435\u0439 \u0441 2009 \u0433\u043e\u0434\u0430.<\/p>\n<p>&nbsp;<\/p>\n<p style=\"text-align: left;\">\u041a\u0430\u0447\u0435\u0441\u0442\u0432\u043e, \u043d\u0435 \u043d\u0443\u0436\u0434\u0430\u044e\u0449\u0435\u0435\u0441\u044f \u0432 \u0440\u0435\u043a\u043b\u0430\u043c\u0435.<\/p>\n<p>[\/vc_custom_heading][\/vc_column][\/vc_row][vc_row unlock_row_content=&#187;yes&#187; row_height_percent=&#187;100&#8243; override_padding=&#187;yes&#187; h_padding=&#187;0&#8243; top_padding=&#187;3&#8243; bottom_padding=&#187;3&#8243; overlay_alpha=&#187;50&#8243; equal_height=&#187;justify&#187; gutter_size=&#187;2&#8243; column_width_percent=&#187;100&#8243; shift_y=&#187;0&#8243; z_index=&#187;0&#8243; content_parallax=&#187;0&#8243; uncode_shortcode_id=&#187;178220&#8243; css=&#187;.vc_custom_1773265634493{padding-right: 18px !important;padding-left: 18px !important;}&#187;][vc_column column_width_percent=&#187;100&#8243; position_horizontal=&#187;left&#187; position_vertical=&#187;justify&#187; gutter_size=&#187;3&#8243; override_padding=&#187;yes&#187; column_padding=&#187;3&#8243; style=&#187;dark&#187; back_color=&#187;color-gyho&#187; overlay_alpha=&#187;50&#8243; radius=&#187;hg&#187; shift_x=&#187;0&#8243; shift_y=&#187;0&#8243; shift_y_down=&#187;0&#8243; z_index=&#187;0&#8243; medium_width=&#187;7&#8243; align_mobile=&#187;align_center_mobile&#187; mobile_width=&#187;0&#8243; width=&#187;6\/12&#8243; uncode_shortcode_id=&#187;912102&#8243; back_color_type=&#187;uncode-palette&#187;][vc_row_inner limit_content=&#187;&#187;][vc_column_inner column_width_percent=&#187;100&#8243; gutter_size=&#187;2&#8243; style=&#187;dark&#187; overlay_alpha=&#187;50&#8243; shift_x=&#187;0&#8243; shift_y=&#187;0&#8243; shift_y_down=&#187;0&#8243; z_index=&#187;0&#8243; medium_width=&#187;0&#8243; align_mobile=&#187;align_center_mobile&#187; mobile_width=&#187;0&#8243; width=&#187;1\/1&#8243; uncode_shortcode_id=&#187;774321&#8243;][vc_custom_heading text_color=&#187;accent&#187; heading_semantic=&#187;h6&#8243; text_font=&#187;font-469684&#8243; text_size=&#187;h5&#8243; text_weight=&#187;500&#8243; text_space=&#187;fontspace-781688&#8243; badge_style=&#187;yes&#187; radius=&#187;xl&#187; uncode_shortcode_id=&#187;177578&#8243; back_color_type=&#187;uncode-solid&#187; back_color_solid=&#187;rgba(44,68,55,0.1)&#187; text_color_type=&#187;uncode-palette&#187;]JW-INVEST[\/vc_custom_heading][vc_empty_space empty_h=&#187;1&#8243;][vc_custom_heading text_color=&#187;accent&#187; heading_semantic=&#187;h3&#8243; text_size=&#187;custom&#187; text_weight=&#187;700&#8243; uncode_shortcode_id=&#187;480138&#8243; heading_custom_size=&#187;clamp(20px, 4vw, 50px)&#187; text_color_type=&#187;uncode-palette&#187;]\u0421 2009 \u0433\u043e\u0434\u0430 JW-INVEST \u044f\u0432\u043b\u044f\u0435\u0442\u0441\u044f \u0441\u0438\u043d\u043e\u043d\u0438\u043c\u043e\u043c \u044d\u0432\u043e\u043b\u044e\u0446\u0438\u0438 \u0432 \u0438\u043d\u0434\u0443\u0441\u0442\u0440\u0438\u0438 \u0441\u0432\u0435\u0436\u0438\u0445 \u043f\u0440\u043e\u0434\u0443\u043a\u0442\u043e\u0432 \u043f\u0438\u0442\u0430\u043d\u0438\u044f. \u041c\u044b \u0443\u0441\u0442\u0430\u043d\u0430\u0432\u043b\u0438\u0432\u0430\u0435\u043c \u0441\u0442\u0430\u043d\u0434\u0430\u0440\u0442\u044b, \u043f\u043e\u0434\u043d\u0438\u043c\u0430\u0435\u043c \u043f\u043b\u0430\u043d\u043a\u0443 \u0438 \u043f\u0440\u0435\u0434\u043b\u0430\u0433\u0430\u0435\u043c \u043b\u0443\u0447\u0448\u0435\u0435.[\/vc_custom_heading][vc_custom_heading text_color=&#187;accent&#187; heading_semantic=&#187;h6&#8243; text_size=&#187;custom&#187; text_weight=&#187;400&#8243; uncode_shortcode_id=&#187;117822&#8243; heading_custom_size=&#187;clamp(15px, 3vw, 30px)&#187; text_color_type=&#187;uncode-palette&#187;]\u041c\u044b \u0441\u043e\u0447\u0435\u0442\u0430\u0435\u043c \u043f\u043e\u043b\u044c\u0441\u043a\u0443\u044e \u043d\u0430\u0434\u0435\u0436\u043d\u043e\u0441\u0442\u044c \u0441 \u044e\u0436\u043d\u044b\u043c \u0441\u043e\u043b\u043d\u0446\u0435\u043c.[\/vc_custom_heading][\/vc_column_inner][\/vc_row_inner][vc_button size=&#187;btn-lg&#187; radius=&#187;btn-circle&#187; hover_fx=&#187;full-colored&#187; custom_typo=&#187;yes&#187; font_family=&#187;font-318713&#8243; font_weight=&#187;500&#8243; letter_spacing=&#187;fontspace-781688&#8243; border_width=&#187;0&#8243; scale_mobile=&#187;no&#187; css_animation=&#187;right-t-left&#187; uncode_shortcode_id=&#187;554523&#8243; link=&#187;url:%2Fru%2Foffer%2F&#187;]\u041f\u0440\u0435\u0434\u043b\u043e\u0436\u0435\u043d\u0438\u0435[\/vc_button][\/vc_column][vc_column column_width_percent=&#187;100&#8243; position_vertical=&#187;justify&#187; align_horizontal=&#187;align_center&#187; gutter_size=&#187;2&#8243; style=&#187;dark&#187; overlay_alpha=&#187;50&#8243; shift_x=&#187;0&#8243; shift_y=&#187;0&#8243; shift_y_down=&#187;0&#8243; z_index=&#187;0&#8243; medium_width=&#187;4&#8243; mobile_width=&#187;0&#8243; width=&#187;3\/12&#8243; uncode_shortcode_id=&#187;238816&#8243; mobile_height=&#187;50vh&#187;][vc_row_inner][vc_column_inner column_width_percent=&#187;100&#8243; gutter_size=&#187;3&#8243; overlay_alpha=&#187;50&#8243; shift_x=&#187;0&#8243; shift_y=&#187;0&#8243; shift_y_down=&#187;0&#8243; z_index=&#187;0&#8243; medium_width=&#187;0&#8243; mobile_width=&#187;0&#8243; width=&#187;1\/1&#8243; uncode_shortcode_id=&#187;110200&#8243;][vc_single_image media=&#187;172557&#8243; media_width_percent=&#187;100&#8243; media_ratio=&#187;one-one&#187; shape=&#187;img-round&#187; radius=&#187;hg&#187; uncode_shortcode_id=&#187;116635&#8243;][\/vc_column_inner][\/vc_row_inner][vc_row_inner row_inner_height_percent=&#187;100&#8243; overlay_alpha=&#187;50&#8243; gutter_size=&#187;3&#8243; shift_y=&#187;0&#8243; z_index=&#187;0&#8243; limit_content=&#187;&#187; uncode_shortcode_id=&#187;142798&#8243;][vc_column_inner column_width_percent=&#187;100&#8243; position_vertical=&#187;middle&#187; align_horizontal=&#187;align_center&#187; gutter_size=&#187;2&#8243; override_padding=&#187;yes&#187; column_padding=&#187;3&#8243; back_color=&#187;color-xsdn&#187; back_image=&#187;172562&#8243; overlay_color=&#187;color-jevc&#187; overlay_alpha=&#187;50&#8243; radius=&#187;hg&#187; border_color=&#187;color-gyho&#187; border_style=&#187;solid&#187; preserve_border=&#187;yes&#187; preserve_border_tablet=&#187;yes&#187; preserve_border_mobile=&#187;yes&#187; shift_x=&#187;0&#8243; shift_y=&#187;0&#8243; shift_y_down=&#187;0&#8243; z_index=&#187;0&#8243; medium_width=&#187;0&#8243; mobile_width=&#187;0&#8243; width=&#187;1\/1&#8243; uncode_shortcode_id=&#187;216509&#8243; back_color_type=&#187;uncode-palette&#187; border_color_type=&#187;uncode-palette&#187; css=&#187;.vc_custom_1773693333681{border-top-width: 1px !important;border-right-width: 1px !important;border-bottom-width: 1px !important;border-left-width: 1px !important;}&#187; link_to=&#187;url:%2Fen%2Fcontact%2F&#187; mobile_height=&#187;40vh&#187; overlay_color_type=&#187;uncode-palette&#187;][vc_custom_heading text_color=&#187;color-xsdn&#187; text_size=&#187;custom&#187; text_weight=&#187;700&#8243; text_height=&#187;fontheight-179065&#8243; uncode_shortcode_id=&#187;552389&#8243; heading_custom_size=&#187;clamp(20px, 3vw, 30px)&#187; text_color_type=&#187;uncode-palette&#187;]\u0421\u043e\u0442\u0440\u0443\u0434\u043d\u0438\u0447\u0435\u0441\u0442\u0432\u043e[\/vc_custom_heading][vc_button button_color=&#187;color-jevc&#187; size=&#187;btn-lg&#187; radius=&#187;btn-circle&#187; hover_fx=&#187;full-colored&#187; custom_typo=&#187;yes&#187; font_family=&#187;font-318713&#8243; font_weight=&#187;500&#8243; letter_spacing=&#187;fontspace-781688&#8243; border_width=&#187;0&#8243; scale_mobile=&#187;no&#187; css_animation=&#187;right-t-left&#187; uncode_shortcode_id=&#187;675055&#8243; link=&#187;url:%2Fru%2Fcontact%2F&#187; button_color_type=&#187;uncode-palette&#187;]\u0441\u0432\u044f\u0437\u0430\u0442\u044c\u0441\u044f \u0441 \u043d\u0430\u043c\u0438[\/vc_button][\/vc_column_inner][\/vc_row_inner][\/vc_column][vc_column column_width_percent=&#187;100&#8243; gutter_size=&#187;2&#8243; overlay_alpha=&#187;50&#8243; shift_x=&#187;0&#8243; shift_y=&#187;0&#8243; shift_y_down=&#187;0&#8243; z_index=&#187;0&#8243; medium_width=&#187;4&#8243; mobile_visibility=&#187;yes&#187; mobile_width=&#187;0&#8243; width=&#187;3\/12&#8243; uncode_shortcode_id=&#187;839230&#8243;][vc_row_inner row_inner_height_percent=&#187;100&#8243; overlay_alpha=&#187;50&#8243; gutter_size=&#187;3&#8243; shift_y=&#187;0&#8243; z_index=&#187;0&#8243; limit_content=&#187;&#187; uncode_shortcode_id=&#187;174165&#8243;][vc_column_inner column_width_percent=&#187;100&#8243; position_vertical=&#187;middle&#187; align_horizontal=&#187;align_center&#187; gutter_size=&#187;2&#8243; override_padding=&#187;yes&#187; column_padding=&#187;3&#8243; style=&#187;dark&#187; back_color=&#187;color-482803&#8243; overlay_color=&#187;color-jevc&#187; overlay_alpha=&#187;0&#8243; radius=&#187;hg&#187; shift_x=&#187;0&#8243; shift_y=&#187;0&#8243; shift_y_down=&#187;0&#8243; z_index=&#187;0&#8243; medium_width=&#187;0&#8243; mobile_width=&#187;0&#8243; width=&#187;1\/1&#8243; uncode_shortcode_id=&#187;125225&#8243; back_color_type=&#187;uncode-palette&#187; link_to=&#187;url:%2Fru%2Foffer%2F&#187; overlay_color_type=&#187;uncode-palette&#187;][vc_custom_heading heading_semantic=&#187;h3&#8243; text_size=&#187;custom&#187; text_weight=&#187;700&#8243; text_height=&#187;fontheight-179065&#8243; uncode_shortcode_id=&#187;572398&#8243; heading_custom_size=&#187;clamp(20px, 3vw, 30px)&#187;]\u041f\u0440\u0435\u0434\u043b\u043e\u0436\u0435\u043d\u0438\u0435[\/vc_custom_heading][vc_button size=&#187;btn-lg&#187; radius=&#187;btn-circle&#187; hover_fx=&#187;full-colored&#187; custom_typo=&#187;yes&#187; font_family=&#187;font-318713&#8243; font_weight=&#187;500&#8243; letter_spacing=&#187;fontspace-781688&#8243; border_width=&#187;0&#8243; scale_mobile=&#187;no&#187; css_animation=&#187;right-t-left&#187; uncode_shortcode_id=&#187;134911&#8243; link=&#187;url:%2Fen%2Foffer%2F&#187;]\u043f\u043e\u0434\u0440\u043e\u0431\u043d\u0435\u0435[\/vc_button][\/vc_column_inner][\/vc_row_inner][vc_single_image media=&#187;172560&#8243; media_width_percent=&#187;100&#8243; media_ratio=&#187;five-four&#187; shape=&#187;img-round&#187; radius=&#187;hg&#187; uncode_shortcode_id=&#187;259727&#8243;][\/vc_column][\/vc_row]<\/p>\n<\/div>","protected":false},"excerpt":{"rendered":"<p>[vc_row unlock_row_content=&#187;yes&#187; row_height_percent=&#187;96&#8243; override_padding=&#187;yes&#187; h_padding=&#187;0&#8243; top_padding=&#187;3&#8243; bottom_padding=&#187;3&#8243; back_image=&#187;172555&#8243; back_position=&#187;center bottom&#187; parallax=&#187;yes&#187; kburns=&#187;yes&#187; overlay_color=&#187;accent&#187; overlay_alpha=&#187;11&#8243; gutter_size=&#187;3&#8243; column_width_percent=&#187;100&#8243; shift_y=&#187;0&#8243; z_index=&#187;0&#8243; content_parallax=&#187;0&#8243; uncode_shortcode_id=&#187;103695&#8243; [&hellip;]<\/p>\n","protected":false},"author":1,"featured_media":172562,"parent":0,"menu_order":0,"comment_status":"closed","ping_status":"closed","template":"","meta":{"footnotes":""},"class_list":["post-133042","page","type-page","status-publish","has-post-thumbnail","hentry","page_category-demo-shop"],"yoast_head":"<!-- This site is optimized with the Yoast SEO plugin v27.2 - https:\/\/yoast.com\/product\/yoast-seo-wordpress\/ -->\n<title>JW INVEST<\/title>\n<meta name=\"description\" content=\"\u041c\u044b \u0437\u0430\u043d\u0438\u043c\u0430\u0435\u043c \u043b\u0438\u0434\u0438\u0440\u0443\u044e\u0449\u0438\u0435 \u043f\u043e\u0437\u0438\u0446\u0438\u0438 \u043d\u0430 \u0440\u044b\u043d\u043a\u0435 \u0444\u0440\u0443\u043a\u0442\u043e\u0432 \u0438 \u043e\u0432\u043e\u0449\u0435\u0439 \u0441 2009 \u0433\u043e\u0434\u0430. \u041a\u0430\u0447\u0435\u0441\u0442\u0432\u043e, \u043d\u0435 \u043d\u0443\u0436\u0434\u0430\u044e\u0449\u0435\u0435\u0441\u044f \u0432 \u0440\u0435\u043a\u043b\u0430\u043c\u0435.\" \/>\n<meta name=\"robots\" content=\"index, follow, max-snippet:-1, max-image-preview:large, max-video-preview:-1\" \/>\n<link rel=\"canonical\" href=\"https:\/\/jw-invest.pl\/ru\/\" \/>\n<meta property=\"og:locale\" content=\"ru_RU\" \/>\n<meta property=\"og:type\" content=\"article\" \/>\n<meta property=\"og:title\" content=\"JW INVEST\" \/>\n<meta property=\"og:description\" content=\"\u041c\u044b \u0437\u0430\u043d\u0438\u043c\u0430\u0435\u043c \u043b\u0438\u0434\u0438\u0440\u0443\u044e\u0449\u0438\u0435 \u043f\u043e\u0437\u0438\u0446\u0438\u0438 \u043d\u0430 \u0440\u044b\u043d\u043a\u0435 \u0444\u0440\u0443\u043a\u0442\u043e\u0432 \u0438 \u043e\u0432\u043e\u0449\u0435\u0439 \u0441 2009 \u0433\u043e\u0434\u0430. \u041a\u0430\u0447\u0435\u0441\u0442\u0432\u043e, \u043d\u0435 \u043d\u0443\u0436\u0434\u0430\u044e\u0449\u0435\u0435\u0441\u044f \u0432 \u0440\u0435\u043a\u043b\u0430\u043c\u0435.\" \/>\n<meta property=\"og:url\" content=\"https:\/\/jw-invest.pl\/ru\/\" \/>\n<meta property=\"og:site_name\" content=\"JW INVEST RU\" \/>\n<meta property=\"article:modified_time\" content=\"2026-03-19T21:46:04+00:00\" \/>\n<meta property=\"og:image\" content=\"https:\/\/jw-invest.pl\/ru\/wp-content\/uploads\/sites\/4\/2026\/03\/iStock-883173772-scaled.jpg\" \/>\n\t<meta property=\"og:image:width\" content=\"2560\" \/>\n\t<meta property=\"og:image:height\" content=\"1709\" \/>\n\t<meta property=\"og:image:type\" content=\"image\/jpeg\" \/>\n<meta name=\"twitter:card\" content=\"summary_large_image\" \/>\n<meta name=\"twitter:label1\" content=\"\u041f\u0440\u0438\u043c\u0435\u0440\u043d\u043e\u0435 \u0432\u0440\u0435\u043c\u044f \u0434\u043b\u044f \u0447\u0442\u0435\u043d\u0438\u044f\" \/>\n\t<meta name=\"twitter:data1\" content=\"3 \u043c\u0438\u043d\u0443\u0442\u044b\" \/>\n<script type=\"application\/ld+json\" class=\"yoast-schema-graph\">{\"@context\":\"https:\/\/schema.org\",\"@graph\":[{\"@type\":\"WebPage\",\"@id\":\"https:\/\/jw-invest.pl\/ru\/\",\"url\":\"https:\/\/jw-invest.pl\/ru\/\",\"name\":\"JW INVEST\",\"isPartOf\":{\"@id\":\"https:\/\/jw-invest.pl\/ru\/#website\"},\"primaryImageOfPage\":{\"@id\":\"https:\/\/jw-invest.pl\/ru\/#primaryimage\"},\"image\":{\"@id\":\"https:\/\/jw-invest.pl\/ru\/#primaryimage\"},\"thumbnailUrl\":\"https:\/\/jw-invest.pl\/ru\/wp-content\/uploads\/sites\/4\/2026\/03\/iStock-883173772-scaled.jpg\",\"datePublished\":\"2023-10-25T16:08:56+00:00\",\"dateModified\":\"2026-03-19T21:46:04+00:00\",\"description\":\"\u041c\u044b \u0437\u0430\u043d\u0438\u043c\u0430\u0435\u043c \u043b\u0438\u0434\u0438\u0440\u0443\u044e\u0449\u0438\u0435 \u043f\u043e\u0437\u0438\u0446\u0438\u0438 \u043d\u0430 \u0440\u044b\u043d\u043a\u0435 \u0444\u0440\u0443\u043a\u0442\u043e\u0432 \u0438 \u043e\u0432\u043e\u0449\u0435\u0439 \u0441 2009 \u0433\u043e\u0434\u0430. \u041a\u0430\u0447\u0435\u0441\u0442\u0432\u043e, \u043d\u0435 \u043d\u0443\u0436\u0434\u0430\u044e\u0449\u0435\u0435\u0441\u044f \u0432 \u0440\u0435\u043a\u043b\u0430\u043c\u0435.\",\"breadcrumb\":{\"@id\":\"https:\/\/jw-invest.pl\/ru\/#breadcrumb\"},\"inLanguage\":\"ru-RU\",\"potentialAction\":[{\"@type\":\"ReadAction\",\"target\":[\"https:\/\/jw-invest.pl\/ru\/\"]}]},{\"@type\":\"ImageObject\",\"inLanguage\":\"ru-RU\",\"@id\":\"https:\/\/jw-invest.pl\/ru\/#primaryimage\",\"url\":\"https:\/\/jw-invest.pl\/ru\/wp-content\/uploads\/sites\/4\/2026\/03\/iStock-883173772-scaled.jpg\",\"contentUrl\":\"https:\/\/jw-invest.pl\/ru\/wp-content\/uploads\/sites\/4\/2026\/03\/iStock-883173772-scaled.jpg\",\"width\":2560,\"height\":1709,\"caption\":\"Kapusta bia\u0142a, broku\u0142y i kalafior, \u015bwie\u017ce warzywa\"},{\"@type\":\"BreadcrumbList\",\"@id\":\"https:\/\/jw-invest.pl\/ru\/#breadcrumb\",\"itemListElement\":[{\"@type\":\"ListItem\",\"position\":1,\"name\":\"Strona g\u0142\u00f3wna\",\"item\":\"https:\/\/jw-invest.pl\/ru\/\"},{\"@type\":\"ListItem\",\"position\":2,\"name\":\"\u041e \u043d\u0430\u0441\"}]},{\"@type\":\"WebSite\",\"@id\":\"https:\/\/jw-invest.pl\/ru\/#website\",\"url\":\"https:\/\/jw-invest.pl\/ru\/\",\"name\":\"JW INVEST RU\",\"description\":\"\",\"potentialAction\":[{\"@type\":\"SearchAction\",\"target\":{\"@type\":\"EntryPoint\",\"urlTemplate\":\"https:\/\/jw-invest.pl\/ru\/?s={search_term_string}\"},\"query-input\":{\"@type\":\"PropertyValueSpecification\",\"valueRequired\":true,\"valueName\":\"search_term_string\"}}],\"inLanguage\":\"ru-RU\"}]}<\/script>\n<!-- \/ Yoast SEO plugin. -->","yoast_head_json":{"title":"JW INVEST","description":"\u041c\u044b \u0437\u0430\u043d\u0438\u043c\u0430\u0435\u043c \u043b\u0438\u0434\u0438\u0440\u0443\u044e\u0449\u0438\u0435 \u043f\u043e\u0437\u0438\u0446\u0438\u0438 \u043d\u0430 \u0440\u044b\u043d\u043a\u0435 \u0444\u0440\u0443\u043a\u0442\u043e\u0432 \u0438 \u043e\u0432\u043e\u0449\u0435\u0439 \u0441 2009 \u0433\u043e\u0434\u0430. \u041a\u0430\u0447\u0435\u0441\u0442\u0432\u043e, \u043d\u0435 \u043d\u0443\u0436\u0434\u0430\u044e\u0449\u0435\u0435\u0441\u044f \u0432 \u0440\u0435\u043a\u043b\u0430\u043c\u0435.","robots":{"index":"index","follow":"follow","max-snippet":"max-snippet:-1","max-image-preview":"max-image-preview:large","max-video-preview":"max-video-preview:-1"},"canonical":"https:\/\/jw-invest.pl\/ru\/","og_locale":"ru_RU","og_type":"article","og_title":"JW INVEST","og_description":"\u041c\u044b \u0437\u0430\u043d\u0438\u043c\u0430\u0435\u043c \u043b\u0438\u0434\u0438\u0440\u0443\u044e\u0449\u0438\u0435 \u043f\u043e\u0437\u0438\u0446\u0438\u0438 \u043d\u0430 \u0440\u044b\u043d\u043a\u0435 \u0444\u0440\u0443\u043a\u0442\u043e\u0432 \u0438 \u043e\u0432\u043e\u0449\u0435\u0439 \u0441 2009 \u0433\u043e\u0434\u0430. \u041a\u0430\u0447\u0435\u0441\u0442\u0432\u043e, \u043d\u0435 \u043d\u0443\u0436\u0434\u0430\u044e\u0449\u0435\u0435\u0441\u044f \u0432 \u0440\u0435\u043a\u043b\u0430\u043c\u0435.","og_url":"https:\/\/jw-invest.pl\/ru\/","og_site_name":"JW INVEST RU","article_modified_time":"2026-03-19T21:46:04+00:00","og_image":[{"width":2560,"height":1709,"url":"https:\/\/jw-invest.pl\/ru\/wp-content\/uploads\/sites\/4\/2026\/03\/iStock-883173772-scaled.jpg","type":"image\/jpeg"}],"twitter_card":"summary_large_image","twitter_misc":{"\u041f\u0440\u0438\u043c\u0435\u0440\u043d\u043e\u0435 \u0432\u0440\u0435\u043c\u044f \u0434\u043b\u044f \u0447\u0442\u0435\u043d\u0438\u044f":"3 \u043c\u0438\u043d\u0443\u0442\u044b"},"schema":{"@context":"https:\/\/schema.org","@graph":[{"@type":"WebPage","@id":"https:\/\/jw-invest.pl\/ru\/","url":"https:\/\/jw-invest.pl\/ru\/","name":"JW INVEST","isPartOf":{"@id":"https:\/\/jw-invest.pl\/ru\/#website"},"primaryImageOfPage":{"@id":"https:\/\/jw-invest.pl\/ru\/#primaryimage"},"image":{"@id":"https:\/\/jw-invest.pl\/ru\/#primaryimage"},"thumbnailUrl":"https:\/\/jw-invest.pl\/ru\/wp-content\/uploads\/sites\/4\/2026\/03\/iStock-883173772-scaled.jpg","datePublished":"2023-10-25T16:08:56+00:00","dateModified":"2026-03-19T21:46:04+00:00","description":"\u041c\u044b \u0437\u0430\u043d\u0438\u043c\u0430\u0435\u043c \u043b\u0438\u0434\u0438\u0440\u0443\u044e\u0449\u0438\u0435 \u043f\u043e\u0437\u0438\u0446\u0438\u0438 \u043d\u0430 \u0440\u044b\u043d\u043a\u0435 \u0444\u0440\u0443\u043a\u0442\u043e\u0432 \u0438 \u043e\u0432\u043e\u0449\u0435\u0439 \u0441 2009 \u0433\u043e\u0434\u0430. \u041a\u0430\u0447\u0435\u0441\u0442\u0432\u043e, \u043d\u0435 \u043d\u0443\u0436\u0434\u0430\u044e\u0449\u0435\u0435\u0441\u044f \u0432 \u0440\u0435\u043a\u043b\u0430\u043c\u0435.","breadcrumb":{"@id":"https:\/\/jw-invest.pl\/ru\/#breadcrumb"},"inLanguage":"ru-RU","potentialAction":[{"@type":"ReadAction","target":["https:\/\/jw-invest.pl\/ru\/"]}]},{"@type":"ImageObject","inLanguage":"ru-RU","@id":"https:\/\/jw-invest.pl\/ru\/#primaryimage","url":"https:\/\/jw-invest.pl\/ru\/wp-content\/uploads\/sites\/4\/2026\/03\/iStock-883173772-scaled.jpg","contentUrl":"https:\/\/jw-invest.pl\/ru\/wp-content\/uploads\/sites\/4\/2026\/03\/iStock-883173772-scaled.jpg","width":2560,"height":1709,"caption":"Kapusta bia\u0142a, broku\u0142y i kalafior, \u015bwie\u017ce warzywa"},{"@type":"BreadcrumbList","@id":"https:\/\/jw-invest.pl\/ru\/#breadcrumb","itemListElement":[{"@type":"ListItem","position":1,"name":"Strona g\u0142\u00f3wna","item":"https:\/\/jw-invest.pl\/ru\/"},{"@type":"ListItem","position":2,"name":"\u041e \u043d\u0430\u0441"}]},{"@type":"WebSite","@id":"https:\/\/jw-invest.pl\/ru\/#website","url":"https:\/\/jw-invest.pl\/ru\/","name":"JW INVEST RU","description":"","potentialAction":[{"@type":"SearchAction","target":{"@type":"EntryPoint","urlTemplate":"https:\/\/jw-invest.pl\/ru\/?s={search_term_string}"},"query-input":{"@type":"PropertyValueSpecification","valueRequired":true,"valueName":"search_term_string"}}],"inLanguage":"ru-RU"}]}},"_links":{"self":[{"href":"https:\/\/jw-invest.pl\/ru\/wp-json\/wp\/v2\/pages\/133042","targetHints":{"allow":["GET"]}}],"collection":[{"href":"https:\/\/jw-invest.pl\/ru\/wp-json\/wp\/v2\/pages"}],"about":[{"href":"https:\/\/jw-invest.pl\/ru\/wp-json\/wp\/v2\/types\/page"}],"author":[{"embeddable":true,"href":"https:\/\/jw-invest.pl\/ru\/wp-json\/wp\/v2\/users\/1"}],"replies":[{"embeddable":true,"href":"https:\/\/jw-invest.pl\/ru\/wp-json\/wp\/v2\/comments?post=133042"}],"version-history":[{"count":72,"href":"https:\/\/jw-invest.pl\/ru\/wp-json\/wp\/v2\/pages\/133042\/revisions"}],"predecessor-version":[{"id":172628,"href":"https:\/\/jw-invest.pl\/ru\/wp-json\/wp\/v2\/pages\/133042\/revisions\/172628"}],"wp:featuredmedia":[{"embeddable":true,"href":"https:\/\/jw-invest.pl\/ru\/wp-json\/wp\/v2\/media\/172562"}],"wp:attachment":[{"href":"https:\/\/jw-invest.pl\/ru\/wp-json\/wp\/v2\/media?parent=133042"}],"curies":[{"name":"wp","href":"https:\/\/api.w.org\/{rel}","templated":true}]}}